
{"id":6,"date":"2024-01-18T15:06:17","date_gmt":"2024-01-18T15:06:17","guid":{"rendered":"https:\/\/webfolio1.themescamp.com\/personal\/?page_id=6"},"modified":"2025-01-30T15:40:13","modified_gmt":"2025-01-30T15:40:13","slug":"home","status":"publish","type":"page","link":"https:\/\/redlab.la\/","title":{"rendered":"Home"},"content":{"rendered":"\t\t<div data-elementor-type=\"wp-page\" data-elementor-id=\"6\" class=\"elementor elementor-6\">\n\t\t\t\t<div class=\"elementor-element elementor-element-bd6a93e e-flex e-con-boxed e-con e-parent\" data-id=\"bd6a93e\" data-element_type=\"container\" data-e-type=\"container\" data-settings=\"{&quot;background_background&quot;:&quot;classic&quot;,&quot;tc_container_hover_selector&quot;:&quot;container&quot;,&quot;tc_container_background_parallax&quot;:&quot;no&quot;,&quot;tcg_advanced_hover&quot;:&quot;no&quot;,&quot;tc_dark_mode_responsive_hide_in_dark&quot;:&quot;no&quot;,&quot;tc_dark_mode_responsive_hide_in_light&quot;:&quot;no&quot;}\">\n\t\t\t\t\t<div class=\"e-con-inner\">\n\t\t\t\t<div class=\"elementor-element elementor-element-a180b63 elementor-widget__width-initial elementor-widget elementor-widget-image\" data-id=\"a180b63\" data-element_type=\"widget\" data-e-type=\"widget\" data-settings=\"{&quot;tc_dark_mode_responsive_hide_in_dark&quot;:&quot;no&quot;,&quot;tc_dark_mode_responsive_hide_in_light&quot;:&quot;no&quot;}\" data-widget_type=\"image.default\">\n\t\t\t\t<div class=\"elementor-widget-container\">\n\t\t\t\t\t\t\t\t\t\t\t\t\t\t\t<img fetchpriority=\"high\" decoding=\"async\" width=\"1024\" height=\"286\" src=\"https:\/\/redlab.la\/wp-content\/uploads\/2025\/01\/2-1024x286.png\" class=\"attachment-large size-large wp-image-1022\" alt=\"\" \/>\t\t\t\t\t\t\t\t\t\t\t\t\t\t\t<\/div>\n\t\t\t\t<\/div>\n\t\t\t\t<div class=\"elementor-element elementor-element-651b0c7 elementor-widget elementor-widget-webfolio-heading\" data-id=\"651b0c7\" data-element_type=\"widget\" data-e-type=\"widget\" data-settings=\"{&quot;tc_dark_mode_responsive_hide_in_dark&quot;:&quot;no&quot;,&quot;tc_dark_mode_responsive_hide_in_light&quot;:&quot;no&quot;}\" data-widget_type=\"webfolio-heading.default\">\n\t\t\t\t<div class=\"elementor-widget-container\">\n\t\t\t\t\t        <div class=\"webfolio-heading-text\">\r\n                                <img decoding=\"async\" src=\"\" alt=\"\">\r\n                    <h2 class=\"webfolio-heading elementor-size-default \">Innovaci\u00f3n que transforma,  tecnolog\u00eda que conecta<\/h2>        <\/div>\r\n\r\n        \t\t\t\t<\/div>\n\t\t\t\t<\/div>\n\t\t\t\t<div class=\"elementor-element elementor-element-43ba549 elementor-widget__width-initial elementor-widget-mobile__width-initial elementor-widget elementor-widget-webfolio-heading\" data-id=\"43ba549\" data-element_type=\"widget\" data-e-type=\"widget\" data-settings=\"{&quot;tc_dark_mode_responsive_hide_in_dark&quot;:&quot;no&quot;,&quot;tc_dark_mode_responsive_hide_in_light&quot;:&quot;no&quot;}\" data-widget_type=\"webfolio-heading.default\">\n\t\t\t\t<div class=\"elementor-widget-container\">\n\t\t\t\t\t        <div class=\"webfolio-heading-text\">\r\n            <h2 class=\"webfolio-heading elementor-size-default \">\u00a1Estamos construyendo \n\n <span>algo incre\u00edble!<\/span><\/h2>        <\/div>\r\n\r\n        \t\t\t\t<\/div>\n\t\t\t\t<\/div>\n\t\t\t\t<div class=\"elementor-element elementor-element-6ae2908 elementor-widget__width-initial elementor-widget elementor-widget-webfolio-heading\" data-id=\"6ae2908\" data-element_type=\"widget\" data-e-type=\"widget\" data-settings=\"{&quot;tc_dark_mode_responsive_hide_in_dark&quot;:&quot;no&quot;,&quot;tc_dark_mode_responsive_hide_in_light&quot;:&quot;no&quot;}\" data-widget_type=\"webfolio-heading.default\">\n\t\t\t\t<div class=\"elementor-widget-container\">\n\t\t\t\t\t        <div class=\"webfolio-heading-text\">\r\n            <h2 class=\"webfolio-heading elementor-size-default \">En RedLab, estamos trabajando arduamente para crear un espacio innovador donde la tecnolog\u00eda y la creatividad se encuentren para potenciar tus ideas y proyectos.\n\n<b>Pronto podr\u00e1s descubrir c\u00f3mo transformamos los desaf\u00edos en soluciones, y las ideas en realidad.<\/b><\/h2>        <\/div>\r\n\r\n        \t\t\t\t<\/div>\n\t\t\t\t<\/div>\n\t\t\t\t<div class=\"elementor-element elementor-element-86dbf25 elementor-widget__width-initial elementor-widget elementor-widget-webfolio-heading\" data-id=\"86dbf25\" data-element_type=\"widget\" data-e-type=\"widget\" data-settings=\"{&quot;tc_dark_mode_responsive_hide_in_dark&quot;:&quot;no&quot;,&quot;tc_dark_mode_responsive_hide_in_light&quot;:&quot;no&quot;}\" data-widget_type=\"webfolio-heading.default\">\n\t\t\t\t<div class=\"elementor-widget-container\">\n\t\t\t\t\t        <div class=\"webfolio-heading-text\">\r\n            <h2 class=\"webfolio-heading elementor-size-default \">Info@redlab.la<\/h2>        <\/div>\r\n\r\n        \t\t\t\t<\/div>\n\t\t\t\t<\/div>\n\t\t\t\t\t<\/div>\n\t\t\t\t<\/div>\n\t\t\t\t<\/div>\n\t\t","protected":false},"excerpt":{"rendered":"<p>Innovaci\u00f3n que transforma, tecnolog\u00eda que conecta \u00a1Estamos construyendo algo incre\u00edble! En RedLab, estamos trabajando arduamente para crear un espacio innovador donde la tecnolog\u00eda y la creatividad se encuentren para potenciar tus ideas y proyectos. Pronto podr\u00e1s descubrir c\u00f3mo transformamos los desaf\u00edos en soluciones, y las ideas en realidad. Info@redlab.la<\/p>\n","protected":false},"author":1,"featured_media":0,"parent":0,"menu_order":0,"comment_status":"closed","ping_status":"closed","template":"blank-builder.php","meta":{"footnotes":""},"class_list":["post-6","page","type-page","status-publish","hentry"],"_links":{"self":[{"href":"https:\/\/redlab.la\/index.php?rest_route=\/wp\/v2\/pages\/6","targetHints":{"allow":["GET"]}}],"collection":[{"href":"https:\/\/redlab.la\/index.php?rest_route=\/wp\/v2\/pages"}],"about":[{"href":"https:\/\/redlab.la\/index.php?rest_route=\/wp\/v2\/types\/page"}],"author":[{"embeddable":true,"href":"https:\/\/redlab.la\/index.php?rest_route=\/wp\/v2\/users\/1"}],"replies":[{"embeddable":true,"href":"https:\/\/redlab.la\/index.php?rest_route=%2Fwp%2Fv2%2Fcomments&post=6"}],"version-history":[{"count":43,"href":"https:\/\/redlab.la\/index.php?rest_route=\/wp\/v2\/pages\/6\/revisions"}],"predecessor-version":[{"id":2519,"href":"https:\/\/redlab.la\/index.php?rest_route=\/wp\/v2\/pages\/6\/revisions\/2519"}],"wp:attachment":[{"href":"https:\/\/redlab.la\/index.php?rest_route=%2Fwp%2Fv2%2Fmedia&parent=6"}],"curies":[{"name":"wp","href":"https:\/\/api.w.org\/{rel}","templated":true}]}}